{"id":40,"date":"2024-08-29T15:12:29","date_gmt":"2024-08-29T13:12:29","guid":{"rendered":"http:\/\/test.jyskakademiskorkester.dk\/?page_id=40"},"modified":"2026-04-18T14:28:54","modified_gmt":"2026-04-18T12:28:54","slug":"velkommen","status":"publish","type":"page","link":"https:\/\/jyskakademiskorkester.dk\/","title":{"rendered":"Velkommen!"},"content":{"rendered":"\n<p>Jysk Akademisk Orkester (JAO) er et mindre amat\u00f8rkammer-\/-symfoniorkester, som oprindelig er udsprunget af musiklivet ved Aarhus Universitet i 1958.<br>JAO er et amat\u00f8rorkester for alle (og p\u00e5 ingen m\u00e5de kun akademikere<ins>)<\/ins>, som har lyst til at kombinere aktiv musikud\u00f8velse med hyggeligt socialt samv\u00e6r.<br>JAO har lidt over 20 medlemmer med vidt forskellig bagrund.<\/p>\n\n\n\n<p>Vi vil gerne v\u00e6re flere, s\u00e5 spiller du et instrument, og har du lyst til at kombinere aktiv musikud\u00f8velse med hyggeligt socialt samv\u00e6r, s\u00e5 er JAO m\u00e5ske noget for dig<br>Kontakt vores formand Niels, tlf. 5150 4888 eller send e-mail, hvis du har lyst til at v\u00e6re med eller vide mere.<\/p>\n\n\n\n<p><strong>Faste \u00f8vetider: <\/strong>Torsdag aften kl. 19:00-21:15 i M\u00f8llevangskolens aula, M\u00f8llevangs Alle 20, 8210 Aarhus V. <a href=\"https:\/\/map.krak.dk\/?c=56.212235,10.283077&amp;z=14&amp;q=%22S%C3%B8lystskolen,%20Eg%C3%A5%22;66656414;yp\" target=\"_blank\" rel=\"noreferrer noopener\">Find M\u00f8llevangskolen p\u00e5 kort<\/a><\/p>\n\n\n\n<p><strong>Repertoire <\/strong><br>Vi arbejder bl.a. med:<\/p>\n\n\n\n<ul class=\"wp-block-list\">\n<li>Berry John: <em>Chaplin <\/em>(Tema fra filmen af samme navn) &#8211; arrangeret af Rasmus Beyer<\/li>\n\n\n\n<li>Gustav Holst: <em>Folk Songs from Somerset<\/em> (<em>I Vow to Thee My Country<\/em>)<\/li>\n\n\n\n<li>W.A. Mozart: <em>Fl\u00f8jtekoncert nr. 1 2. sats<\/em><\/li>\n\n\n\n<li>Franz Schubert: <em>Symfoni nr. 8<\/em><\/li>\n<\/ul>\n\n\n\n<p><strong>Koncerter<\/strong><br>L\u00f8rdag den 11. april 2026 kl. 11:00 i Hobro Kirke<br>L\u00f8rdag den 2. maj 206 kl. 12:00 i g\u00e5rden Kannikegade 12 (udend\u00f8rs men overd\u00e6kket)<\/p>\n\n\n\n<hr class=\"wp-block-separator has-alpha-channel-opacity\"\/>\n\n\n\n<p>JAO er p\u00e5 Facebook:<\/p>\n\n\n<div class=\"wp-block-image\">\n<figure class=\"alignleft size-full is-resized\"><a href=\"https:\/\/www.facebook.com\/Jyskakademiskorkester\/\" target=\"_blank\" rel=\"noreferrer noopener\"><img loading=\"lazy\" decoding=\"async\" width=\"384\" height=\"384\" src=\"https:\/\/jyskakademiskorkester.dk\/wp-content\/uploads\/2025\/06\/glossy-facebook-3d-render-icon-free_lille-png.jpg\" alt=\"\" class=\"wp-image-279\" style=\"width:66px;height:auto\" srcset=\"https:\/\/jyskakademiskorkester.dk\/wp-content\/uploads\/2025\/06\/glossy-facebook-3d-render-icon-free_lille-png.jpg 384w, https:\/\/jyskakademiskorkester.dk\/wp-content\/uploads\/2025\/06\/glossy-facebook-3d-render-icon-free_lille-png-300x300.jpg 300w, https:\/\/jyskakademiskorkester.dk\/wp-content\/uploads\/2025\/06\/glossy-facebook-3d-render-icon-free_lille-png-150x150.jpg 150w\" sizes=\"(max-width: 384px) 100vw, 384px\" \/><\/a><\/figure><\/div>\n\n\n<p><br><\/p>\n\n\n\n<p><\/p>\n","protected":false},"excerpt":{"rendered":"<p>Jysk Akademisk Orkester (JAO) er et mindre amat\u00f8rkammer-\/-symfoniorkester, som oprindelig er udsprunget af musiklivet ved Aarhus Universitet i 1958.JAO er et amat\u00f8rorkester for alle (og p\u00e5 ingen m\u00e5de kun akademikere), som har lyst til at kombinere aktiv musikud\u00f8velse med hyggeligt &hellip; <a href=\"https:\/\/jyskakademiskorkester.dk\/\">L\u00e6s resten <span class=\"meta-nav\">&rarr;<\/span><\/a><\/p>\n","protected":false},"author":1,"featured_media":26,"parent":0,"menu_order":0,"comment_status":"closed","ping_status":"closed","template":"","meta":{"footnotes":""},"class_list":["post-40","page","type-page","status-publish","has-post-thumbnail","hentry"],"_links":{"self":[{"href":"https:\/\/jyskakademiskorkester.dk\/index.php?rest_route=\/wp\/v2\/pages\/40"}],"collection":[{"href":"https:\/\/jyskakademiskorkester.dk\/index.php?rest_route=\/wp\/v2\/pages"}],"about":[{"href":"https:\/\/jyskakademiskorkester.dk\/index.php?rest_route=\/wp\/v2\/types\/page"}],"author":[{"embeddable":true,"href":"https:\/\/jyskakademiskorkester.dk\/index.php?rest_route=\/wp\/v2\/users\/1"}],"replies":[{"embeddable":true,"href":"https:\/\/jyskakademiskorkester.dk\/index.php?rest_route=%2Fwp%2Fv2%2Fcomments&post=40"}],"version-history":[{"count":63,"href":"https:\/\/jyskakademiskorkester.dk\/index.php?rest_route=\/wp\/v2\/pages\/40\/revisions"}],"predecessor-version":[{"id":488,"href":"https:\/\/jyskakademiskorkester.dk\/index.php?rest_route=\/wp\/v2\/pages\/40\/revisions\/488"}],"wp:featuredmedia":[{"embeddable":true,"href":"https:\/\/jyskakademiskorkester.dk\/index.php?rest_route=\/wp\/v2\/media\/26"}],"wp:attachment":[{"href":"https:\/\/jyskakademiskorkester.dk\/index.php?rest_route=%2Fwp%2Fv2%2Fmedia&parent=40"}],"curies":[{"name":"wp","href":"https:\/\/api.w.org\/{rel}","templated":true}]}}